{"id":1569,"date":"2022-08-17T11:29:24","date_gmt":"2022-08-17T11:29:24","guid":{"rendered":"https:\/\/themexriver.com\/wp\/prinox-wp\/product\/accesories-lather-shoes-copy\/"},"modified":"2025-07-03T07:05:21","modified_gmt":"2025-07-03T07:05:21","slug":"accesories-lather-shoes-2","status":"publish","type":"product","link":"https:\/\/gebzeribon.com\/?product=accesories-lather-shoes-2","title":{"rendered":"G\u0131da Etiketi"},"content":{"rendered":"<p data-start=\"71\" data-end=\"399\">Gebze Ribon olarak, g\u0131da etiketlerinde yaln\u0131zca bilgi de\u011fil; g\u00fcven, kalite ve estetik sunuyoruz. Etiketlerimiz, markan\u0131z\u0131 raflarda \u00f6ne \u00e7\u0131kar\u0131rken yasal gereklilikleri eksiksiz kar\u015f\u0131lar. Net, dayan\u0131kl\u0131 ve profesyonel \u00e7\u00f6z\u00fcmlerle \u00fcr\u00fcn\u00fcn\u00fcze de\u011fer kat\u0131yoruz.<\/p>\n","protected":false},"excerpt":{"rendered":"<p data-start=\"72\" data-end=\"265\">G\u0131da sekt\u00f6r\u00fcne \u00f6zel, yasal mevzuatlara uygun, y\u00fcksek yap\u0131\u015fkanl\u0131 ve dayan\u0131kl\u0131 etiket \u00e7\u00f6z\u00fcmleri. Raf \u00f6mr\u00fc, i\u00e7erik bilgisi ve marka kimli\u011fini profesyonel \u015fekilde yans\u0131t\u0131r.<\/p>\n<p data-start=\"267\" data-end=\"308\"><strong data-start=\"267\" data-end=\"308\">Gebze Ribon kalitesiyle \u00fcretilmi\u015ftir.<\/strong><\/p>\n","protected":false},"featured_media":2332,"comment_status":"open","ping_status":"closed","template":"","meta":{"inline_featured_image":false,"_monsterinsights_skip_tracking":false,"_monsterinsights_sitenote_active":false,"_monsterinsights_sitenote_note":"","_monsterinsights_sitenote_category":0},"product_brand":[],"product_cat":[15,55],"product_tag":[],"class_list":{"0":"post-1569","1":"product","2":"type-product","3":"status-publish","4":"has-post-thumbnail","6":"product_cat-genel","7":"product_cat-gida-etiketleri","9":"first","10":"instock","11":"sale","12":"featured","13":"shipping-taxable","14":"purchasable","15":"product-type-simple"},"aioseo_notices":[],"_links":{"self":[{"href":"https:\/\/gebzeribon.com\/index.php?rest_route=\/wp\/v2\/product\/1569","targetHints":{"allow":["GET"]}}],"collection":[{"href":"https:\/\/gebzeribon.com\/index.php?rest_route=\/wp\/v2\/product"}],"about":[{"href":"https:\/\/gebzeribon.com\/index.php?rest_route=\/wp\/v2\/types\/product"}],"replies":[{"embeddable":true,"href":"https:\/\/gebzeribon.com\/index.php?rest_route=%2Fwp%2Fv2%2Fcomments&post=1569"}],"wp:featuredmedia":[{"embeddable":true,"href":"https:\/\/gebzeribon.com\/index.php?rest_route=\/wp\/v2\/media\/2332"}],"wp:attachment":[{"href":"https:\/\/gebzeribon.com\/index.php?rest_route=%2Fwp%2Fv2%2Fmedia&parent=1569"}],"wp:term":[{"taxonomy":"product_brand","embeddable":true,"href":"https:\/\/gebzeribon.com\/index.php?rest_route=%2Fwp%2Fv2%2Fproduct_brand&post=1569"},{"taxonomy":"product_cat","embeddable":true,"href":"https:\/\/gebzeribon.com\/index.php?rest_route=%2Fwp%2Fv2%2Fproduct_cat&post=1569"},{"taxonomy":"product_tag","embeddable":true,"href":"https:\/\/gebzeribon.com\/index.php?rest_route=%2Fwp%2Fv2%2Fproduct_tag&post=1569"}],"curies":[{"name":"wp","href":"https:\/\/api.w.org\/{rel}","templated":true}]}}