{"id":2261,"date":"2025-05-13T08:38:32","date_gmt":"2025-05-13T08:38:32","guid":{"rendered":"https:\/\/gebzeribon.com\/?page_id=2261"},"modified":"2025-07-01T10:09:36","modified_gmt":"2025-07-01T10:09:36","slug":"uyari-ve-isaretleme-etiketleri","status":"publish","type":"page","link":"https:\/\/gebzeribon.com\/?page_id=2261","title":{"rendered":"Uyar\u0131 ve \u0130\u015faretleme Etiketleri"},"content":{"rendered":"<h2 class=\"wp-block-heading\"><strong>Uyar\u0131 ve \u0130\u015faretleme Etiketleri Nedir? Nerelerde Kullan\u0131l\u0131r?<\/strong><\/h2><p>\u0130\u015f g\u00fcvenli\u011fi, dikkat \u00e7ekme ve bilgilendirme amac\u0131yla kullan\u0131lan <strong>uyar\u0131 ve i\u015faretleme etiketleri<\/strong>, bir\u00e7ok sekt\u00f6r\u00fcn vazge\u00e7ilmez par\u00e7as\u0131d\u0131r. \u00d6zellikle \u00fcretim, lojistik, sa\u011fl\u0131k ve depolama alanlar\u0131nda <strong>g\u00fcvenli\u011fi sa\u011flamak ve y\u00f6nlendirme yapmak<\/strong> i\u00e7in etkin rol oynar.<\/p><p>Bu yaz\u0131m\u0131zda, <strong>uyar\u0131 ve i\u015faretleme etiketleri nedir<\/strong>, nerelerde kullan\u0131l\u0131r ve <strong>Gebze Ribon<\/strong> olarak size bu alanda nas\u0131l \u00e7\u00f6z\u00fcmler sundu\u011fumuzu payla\u015f\u0131yoruz.<\/p><hr class=\"wp-block-separator has-alpha-channel-opacity\"\/><h3 class=\"wp-block-heading\">\u26a0\ufe0f <strong>Uyar\u0131 ve \u0130\u015faretleme Etiketleri Nedir?<\/strong><\/h3><p>Uyar\u0131 ve i\u015faretleme etiketleri; \u00fczerinde <strong>dikkat, tehlike, k\u0131r\u0131l\u0131r, elektronik \u00fcr\u00fcn, kolay bozulur, yan\u0131c\u0131 madde<\/strong> gibi ifadeler veya semboller bulunan, <strong>g\u00f6rsel olarak dikkat \u00e7ekici ve bilgilendirici<\/strong> ama\u00e7l\u0131 kullan\u0131lan etiket \u00e7e\u015fitleridir.<\/p><p>Genellikle parlak zemin rengine (k\u0131rm\u0131z\u0131, sar\u0131, turuncu gibi) sahip olup, \u00fczerine kolay fark edilen simgeler ya da yaz\u0131lar yerle\u015ftirilir. Kullan\u0131m alan\u0131na g\u00f6re <strong>ka\u011f\u0131t, ku\u015fe, PP, PVC veya termal<\/strong> malzemeden \u00fcretilebilir.<\/p><hr class=\"wp-block-separator has-alpha-channel-opacity\"\/><h3 class=\"wp-block-heading\">\u2705 <strong>Ba\u015fl\u0131ca Kullan\u0131m Ama\u00e7lar\u0131<\/strong><\/h3><ul class=\"wp-block-list\"><li><strong>Dikkat ve uyar\u0131 mesajlar\u0131 vermek<\/strong><\/li>\n\n<li><strong>Tehlikeli ya da hassas \u00fcr\u00fcnleri i\u015faretlemek<\/strong><\/li>\n\n<li><strong>K\u0131r\u0131labilir e\u015fya ve elektronik cihazlar\u0131 belirtmek<\/strong><\/li>\n\n<li><strong>Depo, \u00fcretim alan\u0131 veya ofiste y\u00f6nlendirme sa\u011flamak<\/strong><\/li>\n\n<li><strong>\u0130\u015f g\u00fcvenli\u011fi kurallar\u0131n\u0131 hat\u0131rlatmak<\/strong><\/li><\/ul><hr class=\"wp-block-separator has-alpha-channel-opacity\"\/><h3 class=\"wp-block-heading\">\ud83c\udfed <strong>Hangi Sekt\u00f6rlerde Kullan\u0131l\u0131r?<\/strong><\/h3><ul class=\"wp-block-list\"><li><strong>\u00dcretim ve sanayi tesisleri<\/strong><\/li>\n\n<li><strong>Kargo &amp; lojistik \u015firketleri<\/strong><\/li>\n\n<li><strong>Depolama ve raf sistemleri<\/strong><\/li>\n\n<li><strong>E-ticaret paketleme s\u00fcre\u00e7leri<\/strong><\/li>\n\n<li><strong>Sa\u011fl\u0131k sekt\u00f6r\u00fc (hastane, laboratuvar)<\/strong><\/li>\n\n<li><strong>\u0130n\u015faat ve teknik bak\u0131m alanlar\u0131<\/strong><\/li><\/ul><hr class=\"wp-block-separator has-alpha-channel-opacity\"\/><h3 class=\"wp-block-heading\">\ud83c\udff7\ufe0f <strong>Gebze Ribon ile Uyar\u0131 Etiketleri \u00dcretimi<\/strong><\/h3><p>Gebze Ribon olarak; standart uyar\u0131 ifadeleriyle haz\u0131rlanm\u0131\u015f ya da firman\u0131za \u00f6zel mesaj ve tasar\u0131mlarla \u00fcretilmi\u015f <strong>uyar\u0131 ve i\u015faretleme etiketleri<\/strong> sunuyoruz.<\/p><p>\u0130htiyac\u0131n\u0131za g\u00f6re:<\/p><ul class=\"wp-block-list\"><li><strong>Farkl\u0131 ebat ve \u015fekiller<\/strong><\/li>\n\n<li><strong>Yuvarlak, kare veya \u00f6zel kesim se\u00e7enekleri<\/strong><\/li>\n\n<li><strong>K\u0131rm\u0131z\u0131, sar\u0131, siyah, turuncu gibi dikkat \u00e7ekici renklerde<\/strong><\/li>\n\n<li><strong>Rulo veya yaprak format\u0131nda<\/strong><\/li>\n\n<li><strong>Bask\u0131l\u0131 ya da bask\u0131s\u0131z \u00fcretim<\/strong><\/li>\n\n<li><strong>PP, ku\u015fe, lamine termal gibi malzeme alternatifleri<\/strong><\/li><\/ul><p>Etiketlerimiz termal yaz\u0131c\u0131lara tam uyumlu olup; dilerseniz kendi yaz\u0131c\u0131n\u0131zda bask\u0131 yapabilece\u011finiz \u015fekilde de sunulabilir.<\/p><hr class=\"wp-block-separator has-alpha-channel-opacity\"\/><h3 class=\"wp-block-heading\">\ud83c\udfaf <strong>Avantajlar\u0131<\/strong><\/h3><ul class=\"wp-block-list\"><li>Dikkat \u00e7ekici ve net uyar\u0131 sa\u011flar<\/li>\n\n<li>\u0130\u015f g\u00fcvenli\u011fi risklerini azalt\u0131r<\/li>\n\n<li>G\u00f6rsel olarak y\u00f6nlendirir ve bilgilendirir<\/li>\n\n<li>Kolay uygulan\u0131r, farkl\u0131 y\u00fczeylerde g\u00fc\u00e7l\u00fc yap\u0131\u015fma sa\u011flar<\/li>\n\n<li>Firman\u0131za \u00f6zel i\u00e7erik ve tasar\u0131m deste\u011fi sunar<\/li><\/ul><hr class=\"wp-block-separator has-alpha-channel-opacity\"\/>","protected":false},"excerpt":{"rendered":"<p>Uyar\u0131 ve \u0130\u015faretleme Etiketleri Nedir? Nerelerde Kullan\u0131l\u0131r? \u0130\u015f g\u00fcvenli\u011fi, dikkat \u00e7ekme ve bilgilendirme amac\u0131yla kullan\u0131lan uyar\u0131 ve i\u015faretleme etiketleri, bir\u00e7ok sekt\u00f6r\u00fcn vazge\u00e7ilmez par\u00e7as\u0131d\u0131r. \u00d6zellikle \u00fcretim, lojistik, sa\u011fl\u0131k ve depolama alanlar\u0131nda g\u00fcvenli\u011fi sa\u011flamak ve y\u00f6nlendirme yapmak i\u00e7in etkin rol oynar. Bu yaz\u0131m\u0131zda, uyar\u0131 ve i\u015faretleme etiketleri nedir, nerelerde kullan\u0131l\u0131r ve Gebze Ribon olarak size bu alanda [&hellip;]<\/p>\n","protected":false},"author":1,"featured_media":0,"parent":0,"menu_order":0,"comment_status":"closed","ping_status":"closed","template":"","meta":{"inline_featured_image":false,"_monsterinsights_skip_tracking":false,"_monsterinsights_sitenote_active":false,"_monsterinsights_sitenote_note":"","_monsterinsights_sitenote_category":0,"footnotes":""},"class_list":["post-2261","page","type-page","status-publish","hentry"],"aioseo_notices":[],"_links":{"self":[{"href":"https:\/\/gebzeribon.com\/index.php?rest_route=\/wp\/v2\/pages\/2261","targetHints":{"allow":["GET"]}}],"collection":[{"href":"https:\/\/gebzeribon.com\/index.php?rest_route=\/wp\/v2\/pages"}],"about":[{"href":"https:\/\/gebzeribon.com\/index.php?rest_route=\/wp\/v2\/types\/page"}],"author":[{"embeddable":true,"href":"https:\/\/gebzeribon.com\/index.php?rest_route=\/wp\/v2\/users\/1"}],"replies":[{"embeddable":true,"href":"https:\/\/gebzeribon.com\/index.php?rest_route=%2Fwp%2Fv2%2Fcomments&post=2261"}],"version-history":[{"count":2,"href":"https:\/\/gebzeribon.com\/index.php?rest_route=\/wp\/v2\/pages\/2261\/revisions"}],"predecessor-version":[{"id":2556,"href":"https:\/\/gebzeribon.com\/index.php?rest_route=\/wp\/v2\/pages\/2261\/revisions\/2556"}],"wp:attachment":[{"href":"https:\/\/gebzeribon.com\/index.php?rest_route=%2Fwp%2Fv2%2Fmedia&parent=2261"}],"curies":[{"name":"wp","href":"https:\/\/api.w.org\/{rel}","templated":true}]}}